{"id":1519,"date":"2024-07-08T10:44:53","date_gmt":"2024-07-08T08:44:53","guid":{"rendered":"https:\/\/vs-inzersdorf.ac.at\/wordpress\/?page_id=1519"},"modified":"2026-01-02T15:14:35","modified_gmt":"2026-01-02T14:14:35","slug":"schulchor","status":"publish","type":"page","link":"https:\/\/vs-inzersdorf.ac.at\/wordpress\/?page_id=1519","title":{"rendered":"Unser Schulchor &#8211; Singen bringt\u00b4s!"},"content":{"rendered":"\n<p>In unserer Schule wird in allen Klassen gesungen, was das Zeug h\u00e4lt. Singen macht Freude und verbindet!<\/p>\n<p>F\u00fcr ganz besonders singfreudige Kinder gibt es seit 2014 auch den Schulchor. Die Chorstunde findet immer am Montag von 15.00 Uhr bis 15.50 Uhr in der Schule statt.&nbsp;<\/p>\n<p>Willkommen sind alle Kinder, die gerne singen, vor allem aus der 3. und 4. Klasse &#8211; die F\u00e4higkeit T\u00f6ne richtig nachsingen zu k\u00f6nnen ist nat\u00fcrlich von Vorteil.<\/p>\n<p>Zum Fixprogramm des Schulchores geh\u00f6rt die Gestaltung von Schulfeiern, die Gestaltung der&nbsp; <a href=\"https:\/\/www.dropbox.com\/scl\/fi\/foqxqvcaqfv3e5nqja28w\/Akheko-ofana.mp4?rlkey=msu5wzh7you9ca148vaj3engf&amp;st=get5up9p&amp;dl=0\">Erstkommunionsfeiern<\/a> in Getzersdorf und Inzersdorf und jedes Jahr auch eine Adventfeier gemeinsam mit der Musikschule.<\/p>\n<p>Der Chor wird von Brigitte Rummer&nbsp; &#8211; Bichler geleitet, unterst\u00fctzt wird sie dabei von Karin Neusser und HR Dir. Bernhard Moser.<\/p>\n\n\n\n<figure class=\"wp-block-image size-large\"><img loading=\"lazy\" decoding=\"async\" width=\"644\" height=\"429\" src=\"https:\/\/vs-inzersdorf.ac.at\/wordpress\/wp-content\/uploads\/2024\/07\/PM_2024-04-17_09-55-02-1-644x429.jpg\" alt=\"\" class=\"wp-image-1529\" srcset=\"https:\/\/vs-inzersdorf.ac.at\/wordpress\/wp-content\/uploads\/2024\/07\/PM_2024-04-17_09-55-02-1-644x429.jpg 644w, https:\/\/vs-inzersdorf.ac.at\/wordpress\/wp-content\/uploads\/2024\/07\/PM_2024-04-17_09-55-02-1-300x200.jpg 300w, https:\/\/vs-inzersdorf.ac.at\/wordpress\/wp-content\/uploads\/2024\/07\/PM_2024-04-17_09-55-02-1-768x512.jpg 768w, https:\/\/vs-inzersdorf.ac.at\/wordpress\/wp-content\/uploads\/2024\/07\/PM_2024-04-17_09-55-02-1-1536x1024.jpg 1536w, https:\/\/vs-inzersdorf.ac.at\/wordpress\/wp-content\/uploads\/2024\/07\/PM_2024-04-17_09-55-02-1-2048x1366.jpg 2048w\" sizes=\"auto, (max-width: 644px) 100vw, 644px\" \/><\/figure>\n\n\n\n<p>\u00a0<\/p>\n<h2><strong>Weihnachtliches Singspiel der Chorkindam 23.12. und 24. 12. 2025 in der Kindermette und Gestaltung der Weihnachtsfeier des Pensionistenverbandes Inzersdorf<\/strong><\/h2>\n<p>Chorkinder lernen nicht nur in Gemeinschaft zu singen, aufeinander zu h\u00f6ren, gemeinsam im Takt zu schwingen und und zu klingen,\u00a0 sondern auch vor Publikum zu stehen und sich zu pr\u00e4sentieren &#8211; eine weitere wertvolle F\u00e4higkeit, f\u00fcr das sp\u00e4tere Leben.<\/p>\n<p>Sie lernen auch, wie man anderen mit Musik Freude schenkt &#8211; sei es bei der Weihnachtsfeier f\u00fcr unsere \u00e4lteren Gemeindemitglieder mit Weihnachtsliedern\u00a0 oder durch unsere Gestaltung der Kindermette der Pfarre Inzersdorf mit unserem Singspiel &#8220; Das kleine Schaf mit dem gro\u00dfen Herzen&#8220;.<\/p>\n<p>So haben wir diesen besonderen Tag im Jahr noch festlicher gemacht!\u00a0<\/p>\n<p><img loading=\"lazy\" decoding=\"async\" class=\"alignnone size-medium wp-image-1777\" src=\"https:\/\/vs-inzersdorf.ac.at\/wordpress\/wp-content\/uploads\/2026\/01\/IMG-20251223-WA0037-225x300.jpg\" alt=\"\" width=\"225\" height=\"300\" srcset=\"https:\/\/vs-inzersdorf.ac.at\/wordpress\/wp-content\/uploads\/2026\/01\/IMG-20251223-WA0037-225x300.jpg 225w, https:\/\/vs-inzersdorf.ac.at\/wordpress\/wp-content\/uploads\/2026\/01\/IMG-20251223-WA0037-644x859.jpg 644w, https:\/\/vs-inzersdorf.ac.at\/wordpress\/wp-content\/uploads\/2026\/01\/IMG-20251223-WA0037-768x1024.jpg 768w, https:\/\/vs-inzersdorf.ac.at\/wordpress\/wp-content\/uploads\/2026\/01\/IMG-20251223-WA0037-1152x1536.jpg 1152w, https:\/\/vs-inzersdorf.ac.at\/wordpress\/wp-content\/uploads\/2026\/01\/IMG-20251223-WA0037.jpg 1200w\" sizes=\"auto, (max-width: 225px) 100vw, 225px\" \/> <img loading=\"lazy\" decoding=\"async\" class=\"alignnone size-medium wp-image-1778\" src=\"https:\/\/vs-inzersdorf.ac.at\/wordpress\/wp-content\/uploads\/2026\/01\/IMG-20251223-WA0041-300x225.jpg\" alt=\"\" width=\"300\" height=\"225\" srcset=\"https:\/\/vs-inzersdorf.ac.at\/wordpress\/wp-content\/uploads\/2026\/01\/IMG-20251223-WA0041-300x225.jpg 300w, https:\/\/vs-inzersdorf.ac.at\/wordpress\/wp-content\/uploads\/2026\/01\/IMG-20251223-WA0041-644x483.jpg 644w, https:\/\/vs-inzersdorf.ac.at\/wordpress\/wp-content\/uploads\/2026\/01\/IMG-20251223-WA0041-768x576.jpg 768w, https:\/\/vs-inzersdorf.ac.at\/wordpress\/wp-content\/uploads\/2026\/01\/IMG-20251223-WA0041-1536x1152.jpg 1536w, https:\/\/vs-inzersdorf.ac.at\/wordpress\/wp-content\/uploads\/2026\/01\/IMG-20251223-WA0041.jpg 1600w\" sizes=\"auto, (max-width: 300px) 100vw, 300px\" \/> <img loading=\"lazy\" decoding=\"async\" class=\"alignnone size-medium wp-image-1779\" src=\"https:\/\/vs-inzersdorf.ac.at\/wordpress\/wp-content\/uploads\/2026\/01\/IMG-20251223-WA0042-300x225.jpg\" alt=\"\" width=\"300\" height=\"225\" srcset=\"https:\/\/vs-inzersdorf.ac.at\/wordpress\/wp-content\/uploads\/2026\/01\/IMG-20251223-WA0042-300x225.jpg 300w, https:\/\/vs-inzersdorf.ac.at\/wordpress\/wp-content\/uploads\/2026\/01\/IMG-20251223-WA0042-644x483.jpg 644w, https:\/\/vs-inzersdorf.ac.at\/wordpress\/wp-content\/uploads\/2026\/01\/IMG-20251223-WA0042-768x576.jpg 768w, https:\/\/vs-inzersdorf.ac.at\/wordpress\/wp-content\/uploads\/2026\/01\/IMG-20251223-WA0042-1536x1152.jpg 1536w, https:\/\/vs-inzersdorf.ac.at\/wordpress\/wp-content\/uploads\/2026\/01\/IMG-20251223-WA0042.jpg 1600w\" sizes=\"auto, (max-width: 300px) 100vw, 300px\" \/> <img loading=\"lazy\" decoding=\"async\" class=\"alignnone size-medium wp-image-1780\" src=\"https:\/\/vs-inzersdorf.ac.at\/wordpress\/wp-content\/uploads\/2026\/01\/IMG-20251230-WA0007-300x225.jpg\" alt=\"\" width=\"300\" height=\"225\" srcset=\"https:\/\/vs-inzersdorf.ac.at\/wordpress\/wp-content\/uploads\/2026\/01\/IMG-20251230-WA0007-300x225.jpg 300w, https:\/\/vs-inzersdorf.ac.at\/wordpress\/wp-content\/uploads\/2026\/01\/IMG-20251230-WA0007-644x483.jpg 644w, https:\/\/vs-inzersdorf.ac.at\/wordpress\/wp-content\/uploads\/2026\/01\/IMG-20251230-WA0007-768x576.jpg 768w, https:\/\/vs-inzersdorf.ac.at\/wordpress\/wp-content\/uploads\/2026\/01\/IMG-20251230-WA0007-1536x1152.jpg 1536w, https:\/\/vs-inzersdorf.ac.at\/wordpress\/wp-content\/uploads\/2026\/01\/IMG-20251230-WA0007.jpg 1600w\" sizes=\"auto, (max-width: 300px) 100vw, 300px\" \/> <img loading=\"lazy\" decoding=\"async\" class=\"alignnone size-medium wp-image-1781\" src=\"https:\/\/vs-inzersdorf.ac.at\/wordpress\/wp-content\/uploads\/2026\/01\/IMG-20251230-WA0011-225x300.jpg\" alt=\"\" width=\"225\" height=\"300\" srcset=\"https:\/\/vs-inzersdorf.ac.at\/wordpress\/wp-content\/uploads\/2026\/01\/IMG-20251230-WA0011-225x300.jpg 225w, https:\/\/vs-inzersdorf.ac.at\/wordpress\/wp-content\/uploads\/2026\/01\/IMG-20251230-WA0011-644x859.jpg 644w, https:\/\/vs-inzersdorf.ac.at\/wordpress\/wp-content\/uploads\/2026\/01\/IMG-20251230-WA0011-768x1024.jpg 768w, https:\/\/vs-inzersdorf.ac.at\/wordpress\/wp-content\/uploads\/2026\/01\/IMG-20251230-WA0011-1152x1536.jpg 1152w, https:\/\/vs-inzersdorf.ac.at\/wordpress\/wp-content\/uploads\/2026\/01\/IMG-20251230-WA0011.jpg 1200w\" sizes=\"auto, (max-width: 225px) 100vw, 225px\" \/> <img loading=\"lazy\" decoding=\"async\" class=\"alignnone size-medium wp-image-1782\" src=\"https:\/\/vs-inzersdorf.ac.at\/wordpress\/wp-content\/uploads\/2026\/01\/IMG-20251230-WA0013-225x300.jpg\" alt=\"\" width=\"225\" height=\"300\" srcset=\"https:\/\/vs-inzersdorf.ac.at\/wordpress\/wp-content\/uploads\/2026\/01\/IMG-20251230-WA0013-225x300.jpg 225w, https:\/\/vs-inzersdorf.ac.at\/wordpress\/wp-content\/uploads\/2026\/01\/IMG-20251230-WA0013-644x859.jpg 644w, https:\/\/vs-inzersdorf.ac.at\/wordpress\/wp-content\/uploads\/2026\/01\/IMG-20251230-WA0013-768x1024.jpg 768w, https:\/\/vs-inzersdorf.ac.at\/wordpress\/wp-content\/uploads\/2026\/01\/IMG-20251230-WA0013-1152x1536.jpg 1152w, https:\/\/vs-inzersdorf.ac.at\/wordpress\/wp-content\/uploads\/2026\/01\/IMG-20251230-WA0013.jpg 1200w\" sizes=\"auto, (max-width: 225px) 100vw, 225px\" \/> <img loading=\"lazy\" decoding=\"async\" class=\"alignnone size-medium wp-image-1783\" src=\"https:\/\/vs-inzersdorf.ac.at\/wordpress\/wp-content\/uploads\/2026\/01\/IMG-20251216-WA0001-300x225.jpg\" alt=\"\" width=\"300\" height=\"225\" srcset=\"https:\/\/vs-inzersdorf.ac.at\/wordpress\/wp-content\/uploads\/2026\/01\/IMG-20251216-WA0001-300x225.jpg 300w, https:\/\/vs-inzersdorf.ac.at\/wordpress\/wp-content\/uploads\/2026\/01\/IMG-20251216-WA0001-644x483.jpg 644w, https:\/\/vs-inzersdorf.ac.at\/wordpress\/wp-content\/uploads\/2026\/01\/IMG-20251216-WA0001-768x576.jpg 768w, https:\/\/vs-inzersdorf.ac.at\/wordpress\/wp-content\/uploads\/2026\/01\/IMG-20251216-WA0001-1536x1152.jpg 1536w, https:\/\/vs-inzersdorf.ac.at\/wordpress\/wp-content\/uploads\/2026\/01\/IMG-20251216-WA0001.jpg 1600w\" sizes=\"auto, (max-width: 300px) 100vw, 300px\" \/> <img loading=\"lazy\" decoding=\"async\" class=\"alignnone size-medium wp-image-1784\" src=\"https:\/\/vs-inzersdorf.ac.at\/wordpress\/wp-content\/uploads\/2026\/01\/IMG-20251223-WA0033-300x225.jpg\" alt=\"\" width=\"300\" height=\"225\" srcset=\"https:\/\/vs-inzersdorf.ac.at\/wordpress\/wp-content\/uploads\/2026\/01\/IMG-20251223-WA0033-300x225.jpg 300w, https:\/\/vs-inzersdorf.ac.at\/wordpress\/wp-content\/uploads\/2026\/01\/IMG-20251223-WA0033-644x483.jpg 644w, https:\/\/vs-inzersdorf.ac.at\/wordpress\/wp-content\/uploads\/2026\/01\/IMG-20251223-WA0033-768x576.jpg 768w, https:\/\/vs-inzersdorf.ac.at\/wordpress\/wp-content\/uploads\/2026\/01\/IMG-20251223-WA0033-1536x1152.jpg 1536w, https:\/\/vs-inzersdorf.ac.at\/wordpress\/wp-content\/uploads\/2026\/01\/IMG-20251223-WA0033.jpg 1600w\" sizes=\"auto, (max-width: 300px) 100vw, 300px\" \/><\/p>\n<p>\u00a0<\/p>\n<p>\u00a0<\/p>\n\n\n\n<p>Fotos von Chorissimo 2024 findest du <a href=\"https:\/\/www.dropbox.com\/scl\/fo\/df3zw1smf8vky9htt956d\/ADD50FdbvyQ4h2frN_E1oCM?rlkey=y8msbh2onvbpwdxvadmid82mh&amp;st=qku6vtm3&amp;dl=0\">hier<\/a>!<\/p>\n\n\n\n<p>Videos vom Rathausplatz, <a href=\"https:\/\/www.dropbox.com\/scl\/fi\/5ibcjjp0k91bj2hyc1ngo\/VID-20241206-WA0019.mp4?rlkey=d58aml34i8cv6iaskurcnfd75&amp;st=jvghoy99&amp;dl=0\">Adventfenster 2024 &#8211; Du bist der Nikolo<\/a><\/p>\n<p><a href=\"https:\/\/www.dropbox.com\/scl\/fi\/w7a82al5az0gereinithx\/VID-20241206-WA0021.mp4?rlkey=biq97twjez956awq7js7pfn1m&amp;st=mzn353f8&amp;dl=0\">Adventfenster 2024 &#8211;\u00a0 Die drei Spatzen<\/a><\/p>\n<p><a href=\"https:\/\/www.dropbox.com\/scl\/fi\/49xz57fijr8vppmh0swq0\/VID-20241206-WA0022.mp4?rlkey=0dpcfsczr7n4qybu69v1bj2nu&amp;st=n31vg9cn&amp;dl=0\">Adventfenster 2024 &#8211; Das Weihnachtsger\u00e4usch<\/a><\/p>\n<p>\u00a0<\/p>\n","protected":false},"excerpt":{"rendered":"<p>In unserer Schule wird in allen Klassen gesungen, was das Zeug h\u00e4lt. Singen macht Freude und verbindet! F\u00fcr ganz besonders singfreudige Kinder gibt es seit 2014 auch den Schulchor. Die Chorstunde findet immer am Montag von 15.00 Uhr bis 15.50 Uhr in der Schule statt.&nbsp; Willkommen sind alle Kinder, die gerne singen, vor allem aus&#8230;<\/p>\n","protected":false},"author":1,"featured_media":0,"parent":44,"menu_order":0,"comment_status":"closed","ping_status":"closed","template":"","meta":{"footnotes":""},"class_list":["post-1519","page","type-page","status-publish","hentry"],"_links":{"self":[{"href":"https:\/\/vs-inzersdorf.ac.at\/wordpress\/index.php?rest_route=\/wp\/v2\/pages\/1519","targetHints":{"allow":["GET"]}}],"collection":[{"href":"https:\/\/vs-inzersdorf.ac.at\/wordpress\/index.php?rest_route=\/wp\/v2\/pages"}],"about":[{"href":"https:\/\/vs-inzersdorf.ac.at\/wordpress\/index.php?rest_route=\/wp\/v2\/types\/page"}],"author":[{"embeddable":true,"href":"https:\/\/vs-inzersdorf.ac.at\/wordpress\/index.php?rest_route=\/wp\/v2\/users\/1"}],"replies":[{"embeddable":true,"href":"https:\/\/vs-inzersdorf.ac.at\/wordpress\/index.php?rest_route=%2Fwp%2Fv2%2Fcomments&post=1519"}],"version-history":[{"count":8,"href":"https:\/\/vs-inzersdorf.ac.at\/wordpress\/index.php?rest_route=\/wp\/v2\/pages\/1519\/revisions"}],"predecessor-version":[{"id":1799,"href":"https:\/\/vs-inzersdorf.ac.at\/wordpress\/index.php?rest_route=\/wp\/v2\/pages\/1519\/revisions\/1799"}],"up":[{"embeddable":true,"href":"https:\/\/vs-inzersdorf.ac.at\/wordpress\/index.php?rest_route=\/wp\/v2\/pages\/44"}],"wp:attachment":[{"href":"https:\/\/vs-inzersdorf.ac.at\/wordpress\/index.php?rest_route=%2Fwp%2Fv2%2Fmedia&parent=1519"}],"curies":[{"name":"wp","href":"https:\/\/api.w.org\/{rel}","templated":true}]}}