{"id":50,"date":"2015-08-26T14:07:34","date_gmt":"2015-08-26T12:07:34","guid":{"rendered":"http:\/\/vs-inzersdorf.ac.at\/wordpress\/?page_id=50"},"modified":"2025-12-08T14:32:16","modified_gmt":"2025-12-08T13:32:16","slug":"elternverein","status":"publish","type":"page","link":"https:\/\/vs-inzersdorf.ac.at\/wordpress\/?page_id=50","title":{"rendered":"Elternverein"},"content":{"rendered":"\n<p>Der Elternverein unterst\u00fctzt Kinder, Eltern und Lehrer im Schulalltag und ist ein wertvoller Teil eines aktiven Schullebens.\u00a0 Vor allem durch Mitwirkung bei diversen Festen und den Einnahmen davon ist es uns m\u00f6glich, f\u00fcr die Kinder immer wieder Spiel- und Besch\u00e4ftigungsmaterial anzukaufen oder bei verschiedenen Projekten finanziell zu unterst\u00fctzen.<\/p>\n<p><strong>Der Elternverein bewirtet und unterst\u00fctzt bei:<\/strong><\/p>\n<ul>\n<li>Martinsfest<\/li>\n<li>Adventkonzert<\/li>\n<li>Elternsprechtag<\/li>\n<li>Krampusjause \/Faschingsjause<\/li>\n<li>Schulfest<\/li>\n<\/ul>\n<p><strong>Finanziell werden die Sch\u00fcler vom Elternverein unterst\u00fctzt bei:<\/strong><\/p>\n<ul>\n<li>Projekttagen<\/li>\n<li>Skitag<\/li>\n<li>Konzerte<\/li>\n<li>Spielmaterialien<\/li>\n<\/ul>\n<p>\u00a0<\/p>\n<p><strong>Alle Eltern sind herzlich zur Mitarbeit eingeladen!<\/strong><\/p>\n<p>\u00a0<\/p>\n<p>Auf dem Foto sind einige Elternvereinsmitglieder mit unserem <strong>Obmann FLORIAN ANDR\u00c4<\/strong> zu sehen.<\/p>\n<p><strong>Die aktuellen Funktionen im Schuljahr 2024\/25:\u00a0<\/strong><\/p>\n<p>Obmann:\u00a0\u00a0\u00a0\u00a0\u00a0 \u00a0\u00a0\u00a0\u00a0\u00a0\u00a0\u00a0\u00a0\u00a0 ANDR\u00c4 Florian<\/p>\n<p>Obmann-Stv.:\u00a0\u00a0\u00a0\u00a0\u00a0\u00a0\u00a0 RAMPSEL Jennifer<\/p>\n<p>Kassier: \u00a0\u00a0\u00a0\u00a0\u00a0 \u00a0\u00a0\u00a0\u00a0\u00a0\u00a0\u00a0\u00a0\u00a0 KOPPENSTEINER Irene\u00a0 \u00a0\u00a0<\/p>\n<p>Kassier-Stv.:\u00a0 \u00a0 \u00a0 \u00a0 \u00a0 EDER DORIS<\/p>\n<p>Schriftf\u00fchrer:\u00a0 \u00a0 \u00a0 \u00a0 SAUTER Zuzana<\/p>\n<p>Schriftf.-Stv.:\u00a0 \u00a0 \u00a0 \u00a0 SCHODERB\u00d6CK Julia<\/p>\n","protected":false},"excerpt":{"rendered":"<p>Der Elternverein unterst\u00fctzt Kinder, Eltern und Lehrer im Schulalltag und ist ein wertvoller Teil eines aktiven Schullebens.\u00a0 Vor allem durch Mitwirkung bei diversen Festen und den Einnahmen davon ist es uns m\u00f6glich, f\u00fcr die Kinder immer wieder Spiel- und Besch\u00e4ftigungsmaterial anzukaufen oder bei verschiedenen Projekten finanziell zu unterst\u00fctzen. Der Elternverein bewirtet und unterst\u00fctzt bei: Martinsfest&#8230;<\/p>\n","protected":false},"author":1,"featured_media":0,"parent":0,"menu_order":0,"comment_status":"closed","ping_status":"closed","template":"","meta":{"footnotes":""},"class_list":["post-50","page","type-page","status-publish","hentry"],"_links":{"self":[{"href":"https:\/\/vs-inzersdorf.ac.at\/wordpress\/index.php?rest_route=\/wp\/v2\/pages\/50","targetHints":{"allow":["GET"]}}],"collection":[{"href":"https:\/\/vs-inzersdorf.ac.at\/wordpress\/index.php?rest_route=\/wp\/v2\/pages"}],"about":[{"href":"https:\/\/vs-inzersdorf.ac.at\/wordpress\/index.php?rest_route=\/wp\/v2\/types\/page"}],"author":[{"embeddable":true,"href":"https:\/\/vs-inzersdorf.ac.at\/wordpress\/index.php?rest_route=\/wp\/v2\/users\/1"}],"replies":[{"embeddable":true,"href":"https:\/\/vs-inzersdorf.ac.at\/wordpress\/index.php?rest_route=%2Fwp%2Fv2%2Fcomments&post=50"}],"version-history":[{"count":10,"href":"https:\/\/vs-inzersdorf.ac.at\/wordpress\/index.php?rest_route=\/wp\/v2\/pages\/50\/revisions"}],"predecessor-version":[{"id":1767,"href":"https:\/\/vs-inzersdorf.ac.at\/wordpress\/index.php?rest_route=\/wp\/v2\/pages\/50\/revisions\/1767"}],"wp:attachment":[{"href":"https:\/\/vs-inzersdorf.ac.at\/wordpress\/index.php?rest_route=%2Fwp%2Fv2%2Fmedia&parent=50"}],"curies":[{"name":"wp","href":"https:\/\/api.w.org\/{rel}","templated":true}]}}