{"id":71,"date":"2015-08-26T15:05:16","date_gmt":"2015-08-26T13:05:16","guid":{"rendered":"http:\/\/vs-inzersdorf.ac.at\/wordpress\/?page_id=71"},"modified":"2024-12-11T11:06:54","modified_gmt":"2024-12-11T10:06:54","slug":"impressum","status":"publish","type":"page","link":"https:\/\/vs-inzersdorf.ac.at\/wordpress\/?page_id=71","title":{"rendered":"Impressum"},"content":{"rendered":"<h2>VOLKSSCHULE Inzersdorf<\/h2>\n<p>Dorfstra\u00dfe 20<br \/>\n3131 Inzersdorf<br \/>\nTel: +43(0)2782\/82267<br \/>\nWeb: <a href=\"http:\/\/www.vsachau.ac.at\/\" target=\"_blank\" rel=\"noopener\"><u><span style=\"color: #0066cc;\">www.vs-inzersdorf.ac.at<\/span><\/u><\/a><br \/>\nE-Mail: s319181@noeschule.at<\/p>\n<h2>Datenschutzbestimmungen bitte hier nachlesen!<\/h2>\n<p><a href=\"https:\/\/bildung.bmbwf.gv.at\/datenschutz\">https:\/\/bildung.bmbwf.gv.at\/datenschutz<\/a><\/p>\n<h2>Haftung<\/h2>\n<p>Der Administrator dieser Webseite\u00a0ist bestrebt, die hier angebotenen Informationen nach bestem Wissen und Gewissen vollst\u00e4ndig und richtig darzustellen und aktuell zu halten. Dennoch kann er keinerlei Haftung f\u00fcr Sch\u00e4den \u00fcbernehmen, die sich aus der Nutzung der angebotenen Informationen ergeben k\u00f6nnen, auch wenn diese auf die Nutzung von allenfalls unvollst\u00e4ndigen bzw. fehlerhaften Informationen zur\u00fcckzuf\u00fchren sind.<\/p>\n<p>Verweise auf fremde Webseiten liegen au\u00dferhalb des Verantwortungsbereiches der Autoren. Eine Haftung f\u00fcr die Inhalte von verlinkten Seiten ist ausgeschlossen, zumal die Autoren keinen Einfluss auf Inhalte wie Gestaltung von gelinkten Seiten haben. F\u00fcr Inhalte von Seiten, auf welche von Seiten dieser Homepage verwiesen wird, haftet somit allein der Anbieter dieser fremden Webseiten niemals jedoch derjenige, der durch einen Link auf fremde Publikationen und Inhalte verweist.<\/p>\n<div class=\"clear\"><\/div>\n<div id=\"main-content-footer\"><\/div>\n","protected":false},"excerpt":{"rendered":"<p>VOLKSSCHULE Inzersdorf Dorfstra\u00dfe 20 3131 Inzersdorf Tel: +43(0)2782\/82267 Web: www.vs-inzersdorf.ac.at E-Mail: s319181@noeschule.at Datenschutzbestimmungen bitte hier nachlesen! https:\/\/bildung.bmbwf.gv.at\/datenschutz Haftung Der Administrator dieser Webseite\u00a0ist bestrebt, die hier angebotenen Informationen nach bestem Wissen und Gewissen vollst\u00e4ndig und richtig darzustellen und aktuell zu halten. Dennoch kann er keinerlei Haftung f\u00fcr Sch\u00e4den \u00fcbernehmen, die sich aus der Nutzung der angebotenen&#8230;<\/p>\n","protected":false},"author":1,"featured_media":0,"parent":0,"menu_order":0,"comment_status":"closed","ping_status":"closed","template":"","meta":{"footnotes":""},"class_list":["post-71","page","type-page","status-publish","hentry"],"_links":{"self":[{"href":"https:\/\/vs-inzersdorf.ac.at\/wordpress\/index.php?rest_route=\/wp\/v2\/pages\/71","targetHints":{"allow":["GET"]}}],"collection":[{"href":"https:\/\/vs-inzersdorf.ac.at\/wordpress\/index.php?rest_route=\/wp\/v2\/pages"}],"about":[{"href":"https:\/\/vs-inzersdorf.ac.at\/wordpress\/index.php?rest_route=\/wp\/v2\/types\/page"}],"author":[{"embeddable":true,"href":"https:\/\/vs-inzersdorf.ac.at\/wordpress\/index.php?rest_route=\/wp\/v2\/users\/1"}],"replies":[{"embeddable":true,"href":"https:\/\/vs-inzersdorf.ac.at\/wordpress\/index.php?rest_route=%2Fwp%2Fv2%2Fcomments&post=71"}],"version-history":[{"count":7,"href":"https:\/\/vs-inzersdorf.ac.at\/wordpress\/index.php?rest_route=\/wp\/v2\/pages\/71\/revisions"}],"predecessor-version":[{"id":1619,"href":"https:\/\/vs-inzersdorf.ac.at\/wordpress\/index.php?rest_route=\/wp\/v2\/pages\/71\/revisions\/1619"}],"wp:attachment":[{"href":"https:\/\/vs-inzersdorf.ac.at\/wordpress\/index.php?rest_route=%2Fwp%2Fv2%2Fmedia&parent=71"}],"curies":[{"name":"wp","href":"https:\/\/api.w.org\/{rel}","templated":true}]}}